{"id":18,"date":"2008-05-15T21:40:58","date_gmt":"2008-05-15T19:40:58","guid":{"rendered":"http:\/\/www.koelner-glasperlenwerkstatt.de\/blog\/?page_id=18"},"modified":"2010-08-18T15:28:30","modified_gmt":"2010-08-18T13:28:30","slug":"agb","status":"publish","type":"page","link":"https:\/\/www.koelner-glasperlenwerkstatt.de\/blog\/?page_id=18","title":{"rendered":"AGB"},"content":{"rendered":"<p>S\u00e4mtlichen Verk\u00e4ufen, Lieferungen und Leistungen unsererseits liegen die nachfolgenden Gesch\u00e4ftsbedingungen zugrunde. Entgegenstehende Bedingungen unserer Vertragspartner erkennen wir nicht an, auch wenn wir Auftr\u00e4ge ausf\u00fchren, ohne zuvor nochmals ausdr\u00fccklich diesen Bedingungen zu widersprechen. Unsere Bedingungen gelten durch Auftragserteilung oder Annahme von Lieferungen bzw. Teillieferungen seitens der Vertragspartner als anerkannt. Sie gelten auch f\u00fcr alle zuk\u00fcnftigen Gesch\u00e4ftsbeziehungen, ohne dass es einer erneuten ausdr\u00fccklichen Vereinbarung bedarf.<\/p>\n<p>Der Vertragsabschluss kommt durch Best\u00e4tigung oder durch Lieferung zustande. Sollte ein Artikel nicht lieferbar sein, sind wir insoweit zu Teillieferungen oder R\u00fccktritt berechtigt. Die Mehrkosten f\u00fcr Teillieferungen gehen zu unseren Lasten. Schreib-, Druck- oder Rechenfehler auf der Internetseite sind vorbehalten, ebenso geringf\u00fcgige \u00c4nderungen im Design, bei Farben und Materialien.<\/p>\n<p>Die Lieferung erfolgt auf Kosten und Gefahr des Kunden. Bei Auftreten eines durch den Besteller zu vertretenden Anlieferungshindernisses hat dieser die entstandenen Porto- bzw. Transportkosten zu tragen, ebenso bei Verweigerung der Annahme einer Lieferung. Die Zahlung erfolgt nach Wahl des Kunden durch Vorauszahlung oder Nachnahme. Alle angegebenen Preise verstehen sich in Euro.<\/p>\n<p>Die gelieferte Ware bleibt unser Eigentum bis zur vollst\u00e4ndigen Begleichung aller Rechnungen aus der gesamten Gesch\u00e4ftsverbindung.<br \/>\nDas Transportrisiko wird auch dann vom Vertragspartner getragen, wenn die Versandkosten ausnahmsweise von uns getragen werden. Auf schriftlichen Wunsch kann die Ware gegen Transportsch\u00e4den versichert werden.<\/p>\n<p>R\u00fccksendungen werden nur frei angenommen. Bei berechtigter R\u00fccksendung werden wir die Geb\u00fchr erstatten. Das gesetzliche Recht zur R\u00fccksendung (bis max. 7 Tage) wird f\u00fcr Waren, die der Kunde zur Fertigung in Auftrag gegeben hat, ausdr\u00fccklich ausgeschlossen.<\/p>\n<p>Reklamationen bzgl. fehlerhafter oder fehlender Lieferung m\u00fcssen unverz\u00fcglich nach erfolgter Lieferung schriftlich erfolgen.<\/p>\n<p>Zur Abwicklung der Bestellung ist die Angabe und die Online-Weiterleitung von pers\u00f6nlichen Daten durch den Kunden erforderlich. Der Kunde stimmt mit der Bestellung der Speicherung dieser Daten zu. Die Daten werden nicht an Dritte weitergegeben, sondern nach Abwicklung der Bestellung lediglich f\u00fcr E-mail-Benachrichtigungen verwandt.<\/p>\n<p>Sonderanfertigungen sind vom Umtauschrecht generell ausgeschlossen.<\/p>\n<p>Sollten einzelne Bestimmungen dieser AGB unwirksam oder undurchf\u00fchrbar sein, so ber\u00fchrt dies die Wirksamkeit der \u00fcbrigen Bestimmungen nicht. Gleiches gilt f\u00fcr fehlende Bestimmungen, wobei Hilfsweise die gesetzlichen Bestimmungen hinzugezogen werden.<\/p>\n<p>Gerichtstand aus der gesamten Gesch\u00e4ftsverbindung ist K\u00f6ln.<\/p>\n<p>F\u00fcr s\u00e4mtliche Rechtsbeziehungen der Parteien gilt das Recht der Bundesrepublik Deutschland. Andere nationale Rechte und das internationale Kaufrecht werden ausgeschlossen.<\/p>\n","protected":false},"excerpt":{"rendered":"<p>S\u00e4mtlichen Verk\u00e4ufen, Lieferungen und Leistungen unsererseits liegen die nachfolgenden Gesch\u00e4ftsbedingungen zugrunde. Entgegenstehende Bedingungen unserer Vertragspartner erkennen wir nicht an, auch wenn wir Auftr\u00e4ge ausf\u00fchren, ohne zuvor nochmals ausdr\u00fccklich diesen Bedingungen zu widersprechen. Unsere Bedingungen gelten durch Auftragserteilung oder Annahme von Lieferungen bzw. Teillieferungen seitens der Vertragspartner als anerkannt. Sie gelten auch f\u00fcr alle zuk\u00fcnftigen Gesch\u00e4ftsbeziehungen, [&hellip;]<\/p>\n","protected":false},"author":1,"featured_media":0,"parent":0,"menu_order":10,"comment_status":"open","ping_status":"open","template":"","meta":[],"_links":{"self":[{"href":"https:\/\/www.koelner-glasperlenwerkstatt.de\/blog\/index.php?rest_route=\/wp\/v2\/pages\/18"}],"collection":[{"href":"https:\/\/www.koelner-glasperlenwerkstatt.de\/blog\/index.php?rest_route=\/wp\/v2\/pages"}],"about":[{"href":"https:\/\/www.koelner-glasperlenwerkstatt.de\/blog\/index.php?rest_route=\/wp\/v2\/types\/page"}],"author":[{"embeddable":true,"href":"https:\/\/www.koelner-glasperlenwerkstatt.de\/blog\/index.php?rest_route=\/wp\/v2\/users\/1"}],"replies":[{"embeddable":true,"href":"https:\/\/www.koelner-glasperlenwerkstatt.de\/blog\/index.php?rest_route=%2Fwp%2Fv2%2Fcomments&post=18"}],"version-history":[{"count":1,"href":"https:\/\/www.koelner-glasperlenwerkstatt.de\/blog\/index.php?rest_route=\/wp\/v2\/pages\/18\/revisions"}],"predecessor-version":[{"id":765,"href":"https:\/\/www.koelner-glasperlenwerkstatt.de\/blog\/index.php?rest_route=\/wp\/v2\/pages\/18\/revisions\/765"}],"wp:attachment":[{"href":"https:\/\/www.koelner-glasperlenwerkstatt.de\/blog\/index.php?rest_route=%2Fwp%2Fv2%2Fmedia&parent=18"}],"curies":[{"name":"wp","href":"https:\/\/api.w.org\/{rel}","templated":true}]}}